{"id":712,"date":"2015-11-18T05:22:15","date_gmt":"2015-11-18T05:22:15","guid":{"rendered":"https:\/\/motors.stylemixthemes.com\/?page_id=712"},"modified":"2024-06-05T15:48:10","modified_gmt":"2024-06-05T15:48:10","slug":"contact-us","status":"publish","type":"page","link":"https:\/\/talialogistik.com\/ar\/contact-us\/","title":{"rendered":"\u062a\u0648\u0627\u0635\u0644 \u0645\u0639\u0646\u0627"},"content":{"rendered":"<div data-elementor-type=\"wp-page\" data-elementor-id=\"712\" class=\"elementor elementor-712\">\n\t\t\t\t\t\t<section class=\"elementor-section elementor-top-section elementor-element elementor-element-4ded148 elementor-section-full_width elementor-section-height-min-height elementor-section-stretched elementor-section-height-default elementor-section-items-middle\" data-id=\"4ded148\" data-element_type=\"section\" data-e-type=\"section\" data-settings=\"{&quot;stretch_section&quot;:&quot;section-stretched&quot;,&quot;background_background&quot;:&quot;classic&quot;}\">\n\t\t\t\t\t\t<div class=\"elementor-container elementor-column-gap-default\">\n\t\t\t\t\t<div class=\"elementor-column elementor-col-100 elementor-top-column elementor-element elementor-element-6933033\" data-id=\"6933033\" data-element_type=\"column\" data-e-type=\"column\">\n\t\t\t<div class=\"elementor-widget-wrap elementor-element-populated\">\n\t\t\t\t\t\t<section class=\"elementor-section elementor-inner-section elementor-element elementor-element-00a2a84 elementor-section-boxed elementor-section-height-default elementor-section-height-default\" data-id=\"00a2a84\" data-element_type=\"section\" data-e-type=\"section\" data-settings=\"{&quot;background_background&quot;:&quot;classic&quot;}\">\n\t\t\t\t\t\t<div class=\"elementor-container elementor-column-gap-default\">\n\t\t\t\t\t<div class=\"elementor-column elementor-col-100 elementor-inner-column elementor-element elementor-element-ec9bc30\" data-id=\"ec9bc30\" data-element_type=\"column\" data-e-type=\"column\" data-settings=\"{&quot;background_background&quot;:&quot;classic&quot;}\">\n\t\t\t<div class=\"elementor-widget-wrap elementor-element-populated\">\n\t\t\t\t\t\t<div class=\"elementor-element elementor-element-5deb0d6 elementor-absolute elementor-widget__width-initial elementor-widget elementor-widget-stm-contact-form-seven\" data-id=\"5deb0d6\" data-element_type=\"widget\" data-e-type=\"widget\" data-settings=\"{&quot;_position&quot;:&quot;absolute&quot;}\" data-widget_type=\"stm-contact-form-seven.default\">\n\t\t\t\t<div class=\"elementor-widget-container\">\n\t\t\t\t\t\n<div class=\"stm-elementor-contact-form-seven\" id=\"single_contact_form_66440\">\n\t<div class=\"icon-title\">\n\t\t\t\t\t<h2 class=\"heading-font title\">\n\t\t\t\tCONTACT US\t\t\t<\/h2>\n\t\t\t<\/div>\n\n\t\n\t\n<div class=\"wpcf7 no-js\" id=\"wpcf7-f717-o1\" lang=\"en-US\" dir=\"ltr\" data-wpcf7-id=\"717\">\n<div class=\"screen-reader-response\"><p role=\"status\" aria-live=\"polite\" aria-atomic=\"true\"><\/p> <ul><\/ul><\/div>\n<form action=\"\/ar\/wp-json\/wp\/v2\/pages\/712#wpcf7-f717-o1\" method=\"post\" class=\"wpcf7-form init\" aria-label=\"Contact form\" novalidate=\"novalidate\" data-status=\"init\" data-trp-original-action=\"\/ar\/wp-json\/wp\/v2\/pages\/712#wpcf7-f717-o1\">\n<fieldset class=\"hidden-fields-container\"><input type=\"hidden\" name=\"_wpcf7\" value=\"717\" \/><input type=\"hidden\" name=\"_wpcf7_version\" value=\"6.1.5\" \/><input type=\"hidden\" name=\"_wpcf7_locale\" value=\"en_US\" \/><input type=\"hidden\" name=\"_wpcf7_unit_tag\" value=\"wpcf7-f717-o1\" \/><input type=\"hidden\" name=\"_wpcf7_container_post\" value=\"0\" \/><input type=\"hidden\" name=\"_wpcf7_posted_data_hash\" value=\"\" \/>\n<\/fieldset>\n<div class=\"row\">\n    <div class=\"col-md-7 col-sm-7\">\n        <div class=\"row\">\n            <div class=\"col-md-6 col-sm-6\">\n                <div class=\"form-group\">\n                    <div class=\"contact-us-label\">First Name*<\/div>\n                    <span class=\"wpcf7-form-control-wrap\" data-name=\"name\"><input size=\"40\" maxlength=\"400\" class=\"wpcf7-form-control wpcf7-text wpcf7-validates-as-required\" aria-required=\"true\" aria-invalid=\"false\" placeholder=\"Enter your first name\" value=\"\" type=\"text\" name=\"name\" \/><\/span>\n                <\/div>\n            <\/div>\n            <div class=\"col-md-6 col-sm-6\">\n                <div class=\"form-group\">\n                    <div class=\"contact-us-label\">Last Name*<\/div>\n                    <span class=\"wpcf7-form-control-wrap\" data-name=\"last-name\"><input size=\"40\" maxlength=\"400\" class=\"wpcf7-form-control wpcf7-text wpcf7-validates-as-required\" aria-required=\"true\" aria-invalid=\"false\" placeholder=\"Enter your last name\" value=\"\" type=\"text\" name=\"last-name\" \/><\/span>\n                <\/div>\n            <\/div>\n        <\/div>\n        <div class=\"row\">\n            <div class=\"col-md-6 col-sm-6\">\n                <div class=\"form-group\">\n                    <div class=\"contact-us-label\">\u0627\u0644\u0628\u0631\u064a\u062f \u0627\u0644\u0627\u0644\u0643\u062a\u0631\u0648\u0646\u064a *<\/div>\n                    <span class=\"wpcf7-form-control-wrap\" data-name=\"email\"><input size=\"40\" maxlength=\"400\" class=\"wpcf7-form-control wpcf7-email wpcf7-validates-as-required wpcf7-text wpcf7-validates-as-email\" aria-required=\"true\" aria-invalid=\"false\" placeholder=\"email@domain.com\" value=\"\" type=\"email\" name=\"email\" \/><\/span>\n                <\/div>\n            <\/div>\n            <div class=\"col-md-6 col-sm-6\">\n                <div class=\"form-group\">\n                    <div class=\"contact-us-label\">\u0631\u0642\u0645 \u0627\u0644\u0645\u0648\u0628\u0627\u064a\u0644<\/div>\n                    <span class=\"wpcf7-form-control-wrap\" data-name=\"phone\"><input size=\"40\" maxlength=\"400\" class=\"wpcf7-form-control wpcf7-tel wpcf7-text wpcf7-validates-as-tel\" aria-invalid=\"false\" placeholder=\"Phone number\" value=\"\" type=\"tel\" name=\"phone\" \/><\/span>\n                <\/div>\n            <\/div>\n        <\/div>\n\n        <div class=\"row\">\n            <div class=\"col-md-12 stm-contact-us-checkbox\">\n                <span class=\"wpcf7-form-control-wrap\" data-name=\"subscribe\"><span class=\"wpcf7-form-control wpcf7-checkbox\"><span class=\"wpcf7-list-item first last\"><label><input type=\"checkbox\" name=\"subscribe[]\" value=\"Subscribe and Get latest updates and offers by Email\" \/><span class=\"wpcf7-list-item-label\">Subscribe and Get latest updates and offers by Email<\/span><\/label><\/span><\/span><\/span>\n            <\/div>\n        <\/div>\n    <\/div>\n\n    <div class=\"col-md-5 col-sm-5\">\n        <div class=\"form-group\">\n            <div class=\"form-group\">\n                <div class=\"contact-us-label\">Comment<\/div>\n                <span class=\"wpcf7-form-control-wrap\" data-name=\"message\"><textarea cols=\"40\" rows=\"10\" maxlength=\"2000\" class=\"wpcf7-form-control wpcf7-textarea\" aria-invalid=\"false\" placeholder=\"Enter your message...\" name=\"message\"><\/textarea><\/span>\n            <\/div>\n        <\/div>\n        <div class=\"contact-us-submit\">\n\n<input class=\"wpcf7-form-control wpcf7-submit has-spinner contact-us-submit\" type=\"submit\" value=\"Submit\" \/>\n        <\/div>\n    <\/div>\n<\/div><div class=\"wpcf7-response-output\" aria-hidden=\"true\"><\/div>\n<input type=\"hidden\" name=\"trp-form-language\" value=\"ar\"\/><\/form>\n<\/div>\n\t<\/div>\n\n\t\t\t\t<\/div>\n\t\t\t\t<\/div>\n\t\t\t\t\t<\/div>\n\t\t<\/div>\n\t\t\t\t\t<\/div>\n\t\t<\/section>\n\t\t\t\t\t<\/div>\n\t\t<\/div>\n\t\t\t\t\t<\/div>\n\t\t<\/section>\n\t\t\t\t<section class=\"elementor-section elementor-top-section elementor-element elementor-element-ba34f80 elementor-section-boxed elementor-section-height-default elementor-section-height-default\" data-id=\"ba34f80\" data-element_type=\"section\" data-e-type=\"section\">\n\t\t\t\t\t\t<div class=\"elementor-container elementor-column-gap-default\">\n\t\t\t\t\t<div class=\"elementor-column elementor-col-50 elementor-top-column elementor-element elementor-element-a2dc8c2\" data-id=\"a2dc8c2\" data-element_type=\"column\" data-e-type=\"column\">\n\t\t\t<div class=\"elementor-widget-wrap elementor-element-populated\">\n\t\t\t\t\t\t<div class=\"elementor-element elementor-element-655315f elementor-widget elementor-widget-motors-contact-tabs\" data-id=\"655315f\" data-element_type=\"widget\" data-e-type=\"widget\" data-settings=\"{&quot;_animation&quot;:&quot;none&quot;}\" data-widget_type=\"motors-contact-tabs.default\">\n\t\t\t\t<div class=\"elementor-widget-container\">\n\t\t\t\t\t\t<div class=\"stm-elementor-contact-tabs\">\n\t\t<div class=\"elementor-contact-tabs\">\n\t\t\t<div class=\"elementor-contact-tabs-container\">\n\t\t\t\t<ul class=\"elementor-contact-tabs-list\">\n\t\t\t\t\t\t\t\t\t\t<li class=\"elementor-contact-tab active\" data-tab=\"778660\">\n\t\t\t\t\t\t<span class=\"tab-item\">\n\t\t\t\t\t\t\t<span class=\"elementor-contact-title-text\">\n\t\t\t\t\t\t\t\t\u062a\u0627\u0644\u064a\u0627 \u0644\u0648\u062c\u064a\u0633\u062a\u064a\u0643\t\t\t\t\t\t\t<\/span>\n\t\t\t\t\t\t<\/span>\n\t\t\t\t\t<\/li>\n\t\t\t\t\t\t\t\t\t<\/ul>\n\t\t\t<\/div>\n\t\t\t<div class=\"contact-tabs-containers-wrap\">\n\t\t\t\t\t\t\t\t\t<div class=\"elementor-contact-panels-container contact-panel-778660 active\">\n\t\t\t\t\t\t\t\t\t\t\t\t<div class=\"tab-unit\">\n\t\t\t\t\t\t\t<div class=\"icon\">\n\t\t\t\t\t\t\t\t\t\t\t\t\t\t\t\t\t\t<i class=\"stmicon- stm-icon-pin\"><\/i>\n\t\t\t\t\t\t\t\t\t\t\t\t\t\t\t\t\t<\/div>\n\t\t\t\t\t\t\t<div class=\"text\">\n\t\t\t\t\t\t\t\t<h4 class=\"title heading-font\">\n\t\t\t\t\t\t\t\t\tAddress\t\t\t\t\t\t\t\t<\/h4>\n\t\t\t\t\t\t\t\t<div class=\"content heading-font\">\n\t\t\t\t\t\t\t\t\t<div class=\"icon-box vc_custom_1447842696775 icon_box_63500 stm-layout-box-car_dealer\"><div class=\"icon-text\"><div class=\"content heading-font\"><p>\u0218tef\u0103ne\u0219ti de jos l\u00e2ng\u0103 autostrad\u0103 A3\/ Rom\u00e2nia<\/p><\/div><\/div><\/div>\t\t\t\t\t\t\t\t<\/div>\n\t\t\t\t\t\t\t<\/div>\n\t\t\t\t\t\t<\/div>\n\t\t\t\t\t\t\n\t\t\t\t\t\t\t\t\t\t\t\t<div class=\"tab-unit\">\n\t\t\t\t\t\t\t<div class=\"icon\">\n\t\t\t\t\t\t\t\t\t\t\t\t\t\t\t\t\t\t<i class=\"stmicon- stm-icon-phone\"><\/i>\n\t\t\t\t\t\t\t\t\t\t\t\t\t\t\t\t\t<\/div>\n\t\t\t\t\t\t\t<div class=\"text\">\n\t\t\t\t\t\t\t\t<h4 class=\"title heading-font\">\n\t\t\t\t\t\t\t\t\t\u0631\u0642\u0645 \u0627\u0644\u0645\u0648\u0628\u0627\u064a\u0644\t\t\t\t\t\t\t\t<\/h4>\n\t\t\t\t\t\t\t\t<div class=\"content heading-font\">\n\t\t\t\t\t\t\t\t\t<p>+40744772929<\/p>\t\t\t\t\t\t\t\t<\/div>\n\t\t\t\t\t\t\t<\/div>\n\t\t\t\t\t\t<\/div>\n\t\t\t\t\t\t\n\t\t\t\t\t\t\t\t\t\t\t\t<div class=\"tab-unit\">\n\t\t\t\t\t\t\t<div class=\"icon\">\n\t\t\t\t\t\t\t\t\t\t\t\t\t\t\t\t\t\t<i class=\"stmicon- stm-icon-time\"><\/i>\n\t\t\t\t\t\t\t\t\t\t\t\t\t\t\t\t\t<\/div>\n\t\t\t\t\t\t\t<div class=\"text\">\n\t\t\t\t\t\t\t\t<h4 class=\"title heading-font\">\n\t\t\t\t\t\t\t\t\t\u0633\u0627\u0639\u0627\u062a \u0639\u0645\u0644 \u0627\u0644\u0645\u0628\u064a\u0639\u0627\u062a\t\t\t\t\t\t\t\t<\/h4>\n\t\t\t\t\t\t\t\t<div class=\"content heading-font\">\n\t\t\t\t\t\t\t\t\t<p>Mon \u2013 Fri: 09:00AM \u2013 09:00PM<br \/>Saturday: 09:00AM \u2013 07:00PM<br \/>Sunday: Closed<\/p><p>\u00a0<\/p>\t\t\t\t\t\t\t\t<\/div>\n\t\t\t\t\t\t\t<\/div>\n\t\t\t\t\t\t<\/div>\n\t\t\t\t\t\t\t\t\t\t\t<\/div>\n\t\t\t\t\t\t\t<\/div>\n\t\t<\/div>\n\t<\/div>\n\t\t\t\t\t<\/div>\n\t\t\t\t<\/div>\n\t\t\t\t\t<\/div>\n\t\t<\/div>\n\t\t\t\t<div class=\"elementor-column elementor-col-50 elementor-top-column elementor-element elementor-element-7e60972\" data-id=\"7e60972\" data-element_type=\"column\" data-e-type=\"column\">\n\t\t\t<div class=\"elementor-widget-wrap elementor-element-populated\">\n\t\t\t\t\t\t<div class=\"elementor-element elementor-element-6c54eb1 elementor-widget elementor-widget-image\" data-id=\"6c54eb1\" data-element_type=\"widget\" data-e-type=\"widget\" data-widget_type=\"image.default\">\n\t\t\t\t<div class=\"elementor-widget-container\">\n\t\t\t\t\t\t\t\t\t\t\t\t\t\t\t\t<a href=\"https:\/\/maps.app.goo.gl\/sJts4hjtjKvtcwR6A\" target=\"_blank\">\n\t\t\t\t\t\t\t<img fetchpriority=\"high\" decoding=\"async\" width=\"1036\" height=\"718\" src=\"https:\/\/talialogistik.com\/wp-content\/uploads\/2024\/06\/maps.jpg\" class=\"attachment-full size-full wp-image-91739\" alt=\"\" srcset=\"https:\/\/talialogistik.com\/wp-content\/uploads\/2024\/06\/maps.jpg 1036w, https:\/\/talialogistik.com\/wp-content\/uploads\/2024\/06\/maps-300x208.jpg 300w, https:\/\/talialogistik.com\/wp-content\/uploads\/2024\/06\/maps-1024x710.jpg 1024w, https:\/\/talialogistik.com\/wp-content\/uploads\/2024\/06\/maps-190x132.jpg 190w, https:\/\/talialogistik.com\/wp-content\/uploads\/2024\/06\/maps-255x177.jpg 255w, https:\/\/talialogistik.com\/wp-content\/uploads\/2024\/06\/maps-510x353.jpg 510w, https:\/\/talialogistik.com\/wp-content\/uploads\/2024\/06\/maps-280x194.jpg 280w, https:\/\/talialogistik.com\/wp-content\/uploads\/2024\/06\/maps-560x388.jpg 560w, https:\/\/talialogistik.com\/wp-content\/uploads\/2024\/06\/maps-350x243.jpg 350w, https:\/\/talialogistik.com\/wp-content\/uploads\/2024\/06\/maps-700x485.jpg 700w, https:\/\/talialogistik.com\/wp-content\/uploads\/2024\/06\/maps-398x276.jpg 398w, https:\/\/talialogistik.com\/wp-content\/uploads\/2024\/06\/maps-796x552.jpg 796w, https:\/\/talialogistik.com\/wp-content\/uploads\/2024\/06\/maps-600x416.jpg 600w\" sizes=\"(max-width: 1036px) 100vw, 1036px\" \/>\t\t\t\t\t\t\t\t<\/a>\n\t\t\t\t\t\t\t\t\t\t\t\t\t\t\t<\/div>\n\t\t\t\t<\/div>\n\t\t\t\t\t<\/div>\n\t\t<\/div>\n\t\t\t\t\t<\/div>\n\t\t<\/section>\n\t\t\t\t<\/div>","protected":false},"excerpt":{"rendered":"<p>CONTACT US First Name* Last Name* Email* Phone Subscribe and Get latest updates and offers by Email Comment TALIA LOGISTIK S.R.L. Address \u0218tef\u0103ne\u0219ti de jos l\u00e2ng\u0103 autostrad\u0103 A3\/ Rom\u00e2nia Phone +40744772929 Sales Hours Mon \u2013 Fri: 09:00AM \u2013 09:00PMSaturday: 09:00AM \u2013 07:00PMSunday: Closed \u00a0<\/p>","protected":false},"author":1,"featured_media":0,"parent":0,"menu_order":0,"comment_status":"closed","ping_status":"closed","template":"","meta":{"footnotes":""},"class_list":["post-712","page","type-page","status-publish","hentry"],"_links":{"self":[{"href":"https:\/\/talialogistik.com\/ar\/wp-json\/wp\/v2\/pages\/712","targetHints":{"allow":["GET"]}}],"collection":[{"href":"https:\/\/talialogistik.com\/ar\/wp-json\/wp\/v2\/pages"}],"about":[{"href":"https:\/\/talialogistik.com\/ar\/wp-json\/wp\/v2\/types\/page"}],"author":[{"embeddable":true,"href":"https:\/\/talialogistik.com\/ar\/wp-json\/wp\/v2\/users\/1"}],"replies":[{"embeddable":true,"href":"https:\/\/talialogistik.com\/ar\/wp-json\/wp\/v2\/comments?post=712"}],"version-history":[{"count":0,"href":"https:\/\/talialogistik.com\/ar\/wp-json\/wp\/v2\/pages\/712\/revisions"}],"wp:attachment":[{"href":"https:\/\/talialogistik.com\/ar\/wp-json\/wp\/v2\/media?parent=712"}],"curies":[{"name":"wp","href":"https:\/\/api.w.org\/{rel}","templated":true}]}}